{"id":7460,"date":"2018-07-03T16:10:40","date_gmt":"2018-07-03T14:10:40","guid":{"rendered":"http:\/\/beta.veglio.com\/emozioniluminose\/?post_type=product&#038;p=7460"},"modified":"2022-03-22T09:53:23","modified_gmt":"2022-03-22T08:53:23","slug":"lodes-frozen","status":"publish","type":"product","link":"https:\/\/www.veglio.com\/emozioniluminose\/prodotto\/lodes-frozen\/","title":{"rendered":"Lodes Frozen"},"content":{"rendered":"","protected":false},"excerpt":{"rendered":"<div class=\"font26 serif text-more\">\n<p>Frozen \u00e8 una lampada dal design minimalista che sembra aderire al soffitto. Dalla sottile montatura in acciaio verniciato, lenti in cristallo incastonate come gemme diffondono un\u2019armoniosa luce diretta che d\u00e0 vita all\u2019ambiente. Leggerezza e rigore si uniscono in questa lampada da soffitto dal design essenziale. Frozen esprime la forza della sua semplicit\u00e0 attraverso gli elementi luminosi che prendono forma all\u2019interno della sottile montatura in acciaio verniciato. Le due dimensioni, da usare singolarmente o da accostare liberamente, permettono di ottenere soluzioni di illuminazione per ogni tipologia di ambiente. Il suo spessore ridotto, di soli 4,3 cm, la rende particolarmente funzionale quando l\u2019altezza dei soffitti \u00e8 limitata. Disponibile in due finiture \u2013 bianco opaco e bronzo ramato \u2013 Frozen crea un\u2019atmosfera armoniosa che si presta ad accogliere anche altre lampade della collezione.<\/p>\n<\/div>\n<div class=\"font26 serif text-more read-more-text\">\n<div class=\"marginb20\">\n<p>Per Frozen ogni LED da 15W pu\u00f2 essere scelto con luce calda (2700K) oppure pi\u00f9 fredda (3000K). La luce, diretta verso il basso, \u00e8 diffusa attraverso una lente convessa in vetro che evita l\u2019abbagliamento. L\u2019indice di resa cromatica (CRI) pari a 90 rispecchia il colore naturale degli oggetti senza distorcerli. Versatile e performante, Frozen si fonde in qualsiasi ambiente con accenti precisi e sobri.<\/p>\n<\/div>\n<\/div>\n<div class=\"scheda-prodotto\"><a href=\"https:\/\/www.lodes.com\/prodotti\/frozen\/\" target=\"_blank\" rel=\"noopener noreferrer\">Vai alla scheda prodotto<\/a><\/div>\n<div><\/div>\n<div>Dove acquistare Lodes da Vegliolux, un marchio del gruppo Idrocentro:<\/div>\n<div>\n<p>Piemonte:<\/p>\n<p>\u2013 Torino:<br \/>\n\u2014 Filiale principale: Via Sandro Botticelli, 151\/a, 10154 Torino TO<br \/>\n\u2014 Orbassano: Corso Orbassano, 400, 10137 Torino TO<br \/>\n\u2014 Centro: Corso Sommeiller, 15\/D, 10128 Torino TO<br \/>\n\u2014 Corso Lecce: Corso Lecce, 56, 10143 Torino TO<\/p>\n<p>\u2013 Volpiano: Via Venezia, 12, 10088 Volpiano TO<\/p>\n<p>\u2013 Asti Ovest: Corso Torino, 43, 14100 Asti AT<\/p>\n<p>\u2013 Borgaretto: Via Rond\u00f2 Bernardo, 30, 10092 Beinasco TO<\/p>\n<p>\u2013 Borgo Gesso: Via Torre Acceglio, 26, 12100 Cuneo CN<\/p>\n<p>\u2013 Carmagnola: Via Sommariva, 14, 10022 Carmagnola TO<\/p>\n<p>\u2013 Caselle: Str. Ciri\u00e8, 175, 10072 Caselle torinese TO<\/p>\n<p>\u2013 Chieri: Via XXV Aprile, 8, 10023 Chieri TO<\/p>\n<p>\u2013 Pinerolo: Via Saluzzo, 165, 10064 Pinerolo TO<\/p>\n<p>\u2013 Settimo: Str. S. Giorgio, 43, 10036 Settimo Torinese TO<\/p>\n<p>\u2013 Susa: Corso Stati Uniti, 89, 10059 Susa TO<\/p>\n<p>\u2013 Torre San Giorgio: Via Circonvallazione G. Giolitti, 100, 12030 Torre San Giorgio CN (Sede gruppo Idrocentro)<\/p>\n<p>\u2013 Castelnuovo Calcea: Via Opessina, 14040 Castenuovo Calcea, AT<\/p>\n<p>Liguria:<\/p>\n<p>\u2013 Genova Sturla: Via Tabarca, 44, 16147 Genova GE<\/p>\n<p>\u2013 Vado Ligure: Via Leopardi, 4, 17047 Vado Ligure SV<\/p>\n<p>\u2013 Andora: Via Merula, 22, 17051 Andora SV<\/p>\n<p>Lombardia:<\/p>\n<p>\u2013 Cornaredo: Via Napoli, 7, 20010 Cornaredo MI<\/p>\n<p>Valle d&#8217;Aosta:<\/p>\n<p>\u2013 Quart: Localit\u00e0 Amerique, 3, 11100 Villair-Amerique AO<\/p>\n<\/div>\n","protected":false},"featured_media":7461,"template":"","meta":[],"product_brand":[],"product_cat":[139],"product_tag":[169],"class_list":{"0":"post-7460","1":"product","2":"type-product","3":"status-publish","4":"has-post-thumbnail","6":"product_cat-soffitto","7":"product_tag-lodes","9":"first","10":"instock","11":"shipping-taxable","12":"product-type-simple"},"yoast_head":"<!-- This site is optimized with the Yoast SEO plugin v27.4 - https:\/\/yoast.com\/product\/yoast-seo-wordpress\/ -->\n<title>Lodes Frozen - Vegliolux<\/title>\n<meta name=\"description\" content=\"Da Vegliolux, un marchio del gruppo Idrocentro, puoi trovare Lodes Frozen . Da Vegliolux la migliore illuminazione\" \/>\n<meta name=\"robots\" content=\"index, follow, max-snippet:-1, max-image-preview:large, max-video-preview:-1\" \/>\n<link rel=\"canonical\" href=\"https:\/\/www.veglio.com\/emozioniluminose\/prodotto\/lodes-frozen\/\" \/>\n<meta property=\"og:locale\" content=\"it_IT\" \/>\n<meta property=\"og:type\" content=\"article\" \/>\n<meta property=\"og:title\" content=\"Lodes Frozen - Vegliolux\" \/>\n<meta property=\"og:description\" content=\"Da Vegliolux, un marchio del gruppo Idrocentro, puoi trovare Lodes Frozen . Da Vegliolux la migliore illuminazione\" \/>\n<meta property=\"og:url\" content=\"https:\/\/www.veglio.com\/emozioniluminose\/prodotto\/lodes-frozen\/\" \/>\n<meta property=\"og:site_name\" content=\"Vegliolux\" \/>\n<meta property=\"article:publisher\" content=\"https:\/\/www.facebook.com\/Vegliolux\" \/>\n<meta property=\"article:modified_time\" content=\"2022-03-22T08:53:23+00:00\" \/>\n<meta property=\"og:image\" content=\"https:\/\/www.veglio.com\/emozioniluminose\/wp-content\/uploads\/2018\/07\/Studio-Italia-Design-Frozen-01.jpg\" \/>\n\t<meta property=\"og:image:width\" content=\"800\" \/>\n\t<meta property=\"og:image:height\" content=\"973\" \/>\n\t<meta property=\"og:image:type\" content=\"image\/jpeg\" \/>\n<meta name=\"twitter:card\" content=\"summary_large_image\" \/>\n<script type=\"application\/ld+json\" class=\"yoast-schema-graph\">{\"@context\":\"https:\\\/\\\/schema.org\",\"@graph\":[{\"@type\":\"WebPage\",\"@id\":\"https:\\\/\\\/www.veglio.com\\\/emozioniluminose\\\/prodotto\\\/lodes-frozen\\\/\",\"url\":\"https:\\\/\\\/www.veglio.com\\\/emozioniluminose\\\/prodotto\\\/lodes-frozen\\\/\",\"name\":\"Lodes Frozen - Vegliolux\",\"isPartOf\":{\"@id\":\"https:\\\/\\\/www.veglio.com\\\/emozioniluminose\\\/#website\"},\"primaryImageOfPage\":{\"@id\":\"https:\\\/\\\/www.veglio.com\\\/emozioniluminose\\\/prodotto\\\/lodes-frozen\\\/#primaryimage\"},\"image\":{\"@id\":\"https:\\\/\\\/www.veglio.com\\\/emozioniluminose\\\/prodotto\\\/lodes-frozen\\\/#primaryimage\"},\"thumbnailUrl\":\"https:\\\/\\\/www.veglio.com\\\/emozioniluminose\\\/wp-content\\\/uploads\\\/2018\\\/07\\\/Studio-Italia-Design-Frozen-01.jpg\",\"datePublished\":\"2018-07-03T14:10:40+00:00\",\"dateModified\":\"2022-03-22T08:53:23+00:00\",\"description\":\"Da Vegliolux, un marchio del gruppo Idrocentro, puoi trovare Lodes Frozen . Da Vegliolux la migliore illuminazione\",\"breadcrumb\":{\"@id\":\"https:\\\/\\\/www.veglio.com\\\/emozioniluminose\\\/prodotto\\\/lodes-frozen\\\/#breadcrumb\"},\"inLanguage\":\"it-IT\",\"potentialAction\":[{\"@type\":\"ReadAction\",\"target\":[\"https:\\\/\\\/www.veglio.com\\\/emozioniluminose\\\/prodotto\\\/lodes-frozen\\\/\"]}]},{\"@type\":\"ImageObject\",\"inLanguage\":\"it-IT\",\"@id\":\"https:\\\/\\\/www.veglio.com\\\/emozioniluminose\\\/prodotto\\\/lodes-frozen\\\/#primaryimage\",\"url\":\"https:\\\/\\\/www.veglio.com\\\/emozioniluminose\\\/wp-content\\\/uploads\\\/2018\\\/07\\\/Studio-Italia-Design-Frozen-01.jpg\",\"contentUrl\":\"https:\\\/\\\/www.veglio.com\\\/emozioniluminose\\\/wp-content\\\/uploads\\\/2018\\\/07\\\/Studio-Italia-Design-Frozen-01.jpg\",\"width\":800,\"height\":973,\"caption\":\"Lodes Frozen: plafoniera soffitto led faretti da Vegliolux, un marchio del gruppo Idrocentro, gli specialisti di illuminazione e elettroforniture. Acquista nei nostri punti vendita di Piemonte, Liguria, Lombardia e Valle d'Aosta\"},{\"@type\":\"BreadcrumbList\",\"@id\":\"https:\\\/\\\/www.veglio.com\\\/emozioniluminose\\\/prodotto\\\/lodes-frozen\\\/#breadcrumb\",\"itemListElement\":[{\"@type\":\"ListItem\",\"position\":1,\"name\":\"Home\",\"item\":\"https:\\\/\\\/www.veglio.com\\\/emozioniluminose\\\/\"},{\"@type\":\"ListItem\",\"position\":2,\"name\":\"Prodotti\",\"item\":\"https:\\\/\\\/www.veglio.com\\\/emozioniluminose\\\/prodotti\\\/\"},{\"@type\":\"ListItem\",\"position\":3,\"name\":\"Lodes Frozen\"}]},{\"@type\":\"WebSite\",\"@id\":\"https:\\\/\\\/www.veglio.com\\\/emozioniluminose\\\/#website\",\"url\":\"https:\\\/\\\/www.veglio.com\\\/emozioniluminose\\\/\",\"name\":\"Vegliolux - Illuminazione Torino\",\"description\":\"Emozioni luminose\",\"publisher\":{\"@id\":\"https:\\\/\\\/www.veglio.com\\\/emozioniluminose\\\/#organization\"},\"potentialAction\":[{\"@type\":\"SearchAction\",\"target\":{\"@type\":\"EntryPoint\",\"urlTemplate\":\"https:\\\/\\\/www.veglio.com\\\/emozioniluminose\\\/?s={search_term_string}\"},\"query-input\":{\"@type\":\"PropertyValueSpecification\",\"valueRequired\":true,\"valueName\":\"search_term_string\"}}],\"inLanguage\":\"it-IT\"},{\"@type\":\"Organization\",\"@id\":\"https:\\\/\\\/www.veglio.com\\\/emozioniluminose\\\/#organization\",\"name\":\"Vegliolux - Illuminazione Torino\",\"url\":\"https:\\\/\\\/www.veglio.com\\\/emozioniluminose\\\/\",\"logo\":{\"@type\":\"ImageObject\",\"inLanguage\":\"it-IT\",\"@id\":\"https:\\\/\\\/www.veglio.com\\\/emozioniluminose\\\/#\\\/schema\\\/logo\\\/image\\\/\",\"url\":\"https:\\\/\\\/www.veglio.com\\\/emozioniluminose\\\/wp-content\\\/uploads\\\/2022\\\/09\\\/Vegliolux-Sommeiller.jpg\",\"contentUrl\":\"https:\\\/\\\/www.veglio.com\\\/emozioniluminose\\\/wp-content\\\/uploads\\\/2022\\\/09\\\/Vegliolux-Sommeiller.jpg\",\"width\":1080,\"height\":720,\"caption\":\"Vegliolux - Illuminazione Torino\"},\"image\":{\"@id\":\"https:\\\/\\\/www.veglio.com\\\/emozioniluminose\\\/#\\\/schema\\\/logo\\\/image\\\/\"},\"sameAs\":[\"https:\\\/\\\/www.facebook.com\\\/Vegliolux\",\"https:\\\/\\\/www.instagram.com\\\/vegliolux\\\/\",\"https:\\\/\\\/www.linkedin.com\\\/company\\\/vegliolux\"]}]}<\/script>\n<!-- \/ Yoast SEO plugin. -->","yoast_head_json":{"title":"Lodes Frozen - Vegliolux","description":"Da Vegliolux, un marchio del gruppo Idrocentro, puoi trovare Lodes Frozen . Da Vegliolux la migliore illuminazione","robots":{"index":"index","follow":"follow","max-snippet":"max-snippet:-1","max-image-preview":"max-image-preview:large","max-video-preview":"max-video-preview:-1"},"canonical":"https:\/\/www.veglio.com\/emozioniluminose\/prodotto\/lodes-frozen\/","og_locale":"it_IT","og_type":"article","og_title":"Lodes Frozen - Vegliolux","og_description":"Da Vegliolux, un marchio del gruppo Idrocentro, puoi trovare Lodes Frozen . Da Vegliolux la migliore illuminazione","og_url":"https:\/\/www.veglio.com\/emozioniluminose\/prodotto\/lodes-frozen\/","og_site_name":"Vegliolux","article_publisher":"https:\/\/www.facebook.com\/Vegliolux","article_modified_time":"2022-03-22T08:53:23+00:00","og_image":[{"width":800,"height":973,"url":"https:\/\/www.veglio.com\/emozioniluminose\/wp-content\/uploads\/2018\/07\/Studio-Italia-Design-Frozen-01.jpg","type":"image\/jpeg"}],"twitter_card":"summary_large_image","schema":{"@context":"https:\/\/schema.org","@graph":[{"@type":"WebPage","@id":"https:\/\/www.veglio.com\/emozioniluminose\/prodotto\/lodes-frozen\/","url":"https:\/\/www.veglio.com\/emozioniluminose\/prodotto\/lodes-frozen\/","name":"Lodes Frozen - Vegliolux","isPartOf":{"@id":"https:\/\/www.veglio.com\/emozioniluminose\/#website"},"primaryImageOfPage":{"@id":"https:\/\/www.veglio.com\/emozioniluminose\/prodotto\/lodes-frozen\/#primaryimage"},"image":{"@id":"https:\/\/www.veglio.com\/emozioniluminose\/prodotto\/lodes-frozen\/#primaryimage"},"thumbnailUrl":"https:\/\/www.veglio.com\/emozioniluminose\/wp-content\/uploads\/2018\/07\/Studio-Italia-Design-Frozen-01.jpg","datePublished":"2018-07-03T14:10:40+00:00","dateModified":"2022-03-22T08:53:23+00:00","description":"Da Vegliolux, un marchio del gruppo Idrocentro, puoi trovare Lodes Frozen . Da Vegliolux la migliore illuminazione","breadcrumb":{"@id":"https:\/\/www.veglio.com\/emozioniluminose\/prodotto\/lodes-frozen\/#breadcrumb"},"inLanguage":"it-IT","potentialAction":[{"@type":"ReadAction","target":["https:\/\/www.veglio.com\/emozioniluminose\/prodotto\/lodes-frozen\/"]}]},{"@type":"ImageObject","inLanguage":"it-IT","@id":"https:\/\/www.veglio.com\/emozioniluminose\/prodotto\/lodes-frozen\/#primaryimage","url":"https:\/\/www.veglio.com\/emozioniluminose\/wp-content\/uploads\/2018\/07\/Studio-Italia-Design-Frozen-01.jpg","contentUrl":"https:\/\/www.veglio.com\/emozioniluminose\/wp-content\/uploads\/2018\/07\/Studio-Italia-Design-Frozen-01.jpg","width":800,"height":973,"caption":"Lodes Frozen: plafoniera soffitto led faretti da Vegliolux, un marchio del gruppo Idrocentro, gli specialisti di illuminazione e elettroforniture. Acquista nei nostri punti vendita di Piemonte, Liguria, Lombardia e Valle d'Aosta"},{"@type":"BreadcrumbList","@id":"https:\/\/www.veglio.com\/emozioniluminose\/prodotto\/lodes-frozen\/#breadcrumb","itemListElement":[{"@type":"ListItem","position":1,"name":"Home","item":"https:\/\/www.veglio.com\/emozioniluminose\/"},{"@type":"ListItem","position":2,"name":"Prodotti","item":"https:\/\/www.veglio.com\/emozioniluminose\/prodotti\/"},{"@type":"ListItem","position":3,"name":"Lodes Frozen"}]},{"@type":"WebSite","@id":"https:\/\/www.veglio.com\/emozioniluminose\/#website","url":"https:\/\/www.veglio.com\/emozioniluminose\/","name":"Vegliolux - Illuminazione Torino","description":"Emozioni luminose","publisher":{"@id":"https:\/\/www.veglio.com\/emozioniluminose\/#organization"},"potentialAction":[{"@type":"SearchAction","target":{"@type":"EntryPoint","urlTemplate":"https:\/\/www.veglio.com\/emozioniluminose\/?s={search_term_string}"},"query-input":{"@type":"PropertyValueSpecification","valueRequired":true,"valueName":"search_term_string"}}],"inLanguage":"it-IT"},{"@type":"Organization","@id":"https:\/\/www.veglio.com\/emozioniluminose\/#organization","name":"Vegliolux - Illuminazione Torino","url":"https:\/\/www.veglio.com\/emozioniluminose\/","logo":{"@type":"ImageObject","inLanguage":"it-IT","@id":"https:\/\/www.veglio.com\/emozioniluminose\/#\/schema\/logo\/image\/","url":"https:\/\/www.veglio.com\/emozioniluminose\/wp-content\/uploads\/2022\/09\/Vegliolux-Sommeiller.jpg","contentUrl":"https:\/\/www.veglio.com\/emozioniluminose\/wp-content\/uploads\/2022\/09\/Vegliolux-Sommeiller.jpg","width":1080,"height":720,"caption":"Vegliolux - Illuminazione Torino"},"image":{"@id":"https:\/\/www.veglio.com\/emozioniluminose\/#\/schema\/logo\/image\/"},"sameAs":["https:\/\/www.facebook.com\/Vegliolux","https:\/\/www.instagram.com\/vegliolux\/","https:\/\/www.linkedin.com\/company\/vegliolux"]}]}},"_links":{"self":[{"href":"https:\/\/www.veglio.com\/emozioniluminose\/wp-json\/wp\/v2\/product\/7460","targetHints":{"allow":["GET"]}}],"collection":[{"href":"https:\/\/www.veglio.com\/emozioniluminose\/wp-json\/wp\/v2\/product"}],"about":[{"href":"https:\/\/www.veglio.com\/emozioniluminose\/wp-json\/wp\/v2\/types\/product"}],"wp:featuredmedia":[{"embeddable":true,"href":"https:\/\/www.veglio.com\/emozioniluminose\/wp-json\/wp\/v2\/media\/7461"}],"wp:attachment":[{"href":"https:\/\/www.veglio.com\/emozioniluminose\/wp-json\/wp\/v2\/media?parent=7460"}],"wp:term":[{"taxonomy":"product_brand","embeddable":true,"href":"https:\/\/www.veglio.com\/emozioniluminose\/wp-json\/wp\/v2\/product_brand?post=7460"},{"taxonomy":"product_cat","embeddable":true,"href":"https:\/\/www.veglio.com\/emozioniluminose\/wp-json\/wp\/v2\/product_cat?post=7460"},{"taxonomy":"product_tag","embeddable":true,"href":"https:\/\/www.veglio.com\/emozioniluminose\/wp-json\/wp\/v2\/product_tag?post=7460"}],"curies":[{"name":"wp","href":"https:\/\/api.w.org\/{rel}","templated":true}]}}