{"id":79743,"date":"2021-06-25T10:01:18","date_gmt":"2021-06-25T08:01:18","guid":{"rendered":"https:\/\/www.veglio.com\/emozioniluminose\/?post_type=product&#038;p=79743"},"modified":"2023-08-25T10:32:21","modified_gmt":"2023-08-25T08:32:21","slug":"karman-deja-vu","status":"publish","type":"product","link":"https:\/\/www.veglio.com\/emozioniluminose\/prodotto\/karman-deja-vu\/","title":{"rendered":"Karman D\u00e9j\u00e0-vu"},"content":{"rendered":"","protected":false},"excerpt":{"rendered":"<div>\n<div class=\"prod-text\">\n<div class=\"prod-text\">\n<div class=\"prod-text\">\n<div class=\"prod-text\">\n<p>D\u00e9j\u00e0-vu \u00e8 il gi\u00e0 visto che sorprende, inatteso. Qualcosa che ci appartiene e, insieme, ci sfugge. Come un vecchio lampadario in ceramica, esploso dalla luce. Rivedere la tradizione per lasciarla fluttuare nell\u2019aria. Vincere la gravit\u00e0 e andare oltre il passato, senza dimenticarlo.<\/p>\n<\/div>\n<\/div>\n<\/div>\n<\/div>\n<\/div>\n<p>Dove acquistare Karman da Vegliolux, un marchio del gruppo Idrocentro:<\/p>\n<p>Piemonte:<\/p>\n<p>\u2013 Torino:<br \/>\n\u2014 Filiale principale: Via Sandro Botticelli, 151\/a, 10154 Torino TO<br \/>\n\u2014 Orbassano: Corso Orbassano, 400, 10137 Torino TO<br \/>\n\u2014 Centro: Corso Sommeiller, 15\/D, 10128 Torino TO<br \/>\n\u2014 Corso Lecce: Corso Lecce, 56, 10143 Torino TO<\/p>\n<p>\u2013 Volpiano: Via Venezia, 12, 10088 Volpiano TO<\/p>\n<p>\u2013 Asti Ovest: Corso Torino, 43, 14100 Asti AT<\/p>\n<p>\u2013 Borgo Gesso: Via Torre Acceglio, 26, 12100 Cuneo CN<\/p>\n<p>\u2013 Caselle: Str. Ciri\u00e8, 175, 10072 Caselle torinese TO<\/p>\n<p>\u2013 Chieri: Via XXV Aprile, 8, 10023 Chieri TO<\/p>\n<p>\u2013 Pinerolo: Via Saluzzo, 165, 10064 Pinerolo TO<\/p>\n<p>\u2013 Settimo: Str. S. Giorgio, 43, 10036 Settimo Torinese TO<\/p>\n<p>\u2013 Susa: Corso Stati Uniti, 89, 10059 Susa TO<\/p>\n<p>\u2013 Torre San Giorgio: Via Circonvallazione G. Giolitti, 100, 12030 Torre San Giorgio CN (Sede gruppo Idrocentro)<\/p>\n<p>Liguria:<\/p>\n<p>\u2013 Genova Sturla: Via Tabarca, 44, 16147 Genova GE<\/p>\n<p>\u2013 Vado Ligure: Via Leopardi, 4, 17047 Vado Ligure SV<\/p>\n<p>Lombardia:<\/p>\n<p>\u2013 Cornaredo: Via Napoli, 7, 20010 Cornaredo MI<\/p>\n<p><a href=\"https:\/\/www.karmanitalia.it\/collezioni\/accipicchio\/\">Scheda prodotto<\/a><\/p>\n","protected":false},"featured_media":79769,"template":"","meta":[],"product_brand":[],"product_cat":[273,144,138],"product_tag":[211],"class_list":{"0":"post-79743","1":"product","2":"type-product","3":"status-publish","4":"has-post-thumbnail","6":"product_cat-karman","7":"product_cat-parete","8":"product_cat-sospensione","9":"product_tag-karman","11":"first","12":"instock","13":"shipping-taxable","14":"product-type-simple"},"yoast_head":"<!-- This site is optimized with the Yoast SEO plugin v27.4 - https:\/\/yoast.com\/product\/yoast-seo-wordpress\/ -->\n<title>Karman D\u00e9j\u00e0-vu - Vegliolux, specialisti dell&#039;illuminazione<\/title>\n<meta name=\"description\" content=\"Da Vegliolux, un marchio del gruppo Idrocentro, la lampada da terra D\u00e9j\u00e0-vu di Karman. Da Vegliolux la migliore illuminazione\" \/>\n<meta name=\"robots\" content=\"index, follow, max-snippet:-1, max-image-preview:large, max-video-preview:-1\" \/>\n<link rel=\"canonical\" href=\"https:\/\/www.veglio.com\/emozioniluminose\/prodotto\/karman-deja-vu\/\" \/>\n<meta property=\"og:locale\" content=\"it_IT\" \/>\n<meta property=\"og:type\" content=\"article\" \/>\n<meta property=\"og:title\" content=\"Karman D\u00e9j\u00e0-vu - Vegliolux, specialisti dell&#039;illuminazione\" \/>\n<meta property=\"og:description\" content=\"Da Vegliolux, un marchio del gruppo Idrocentro, la lampada da terra D\u00e9j\u00e0-vu di Karman. Da Vegliolux la migliore illuminazione\" \/>\n<meta property=\"og:url\" content=\"https:\/\/www.veglio.com\/emozioniluminose\/prodotto\/karman-deja-vu\/\" \/>\n<meta property=\"og:site_name\" content=\"Vegliolux\" \/>\n<meta property=\"article:publisher\" content=\"https:\/\/www.facebook.com\/Vegliolux\" \/>\n<meta property=\"article:modified_time\" content=\"2023-08-25T08:32:21+00:00\" \/>\n<meta property=\"og:image\" content=\"https:\/\/www.veglio.com\/emozioniluminose\/wp-content\/uploads\/2021\/06\/Deja-vu.jpg\" \/>\n\t<meta property=\"og:image:width\" content=\"800\" \/>\n\t<meta property=\"og:image:height\" content=\"973\" \/>\n\t<meta property=\"og:image:type\" content=\"image\/jpeg\" \/>\n<meta name=\"twitter:card\" content=\"summary_large_image\" \/>\n<script type=\"application\/ld+json\" class=\"yoast-schema-graph\">{\"@context\":\"https:\\\/\\\/schema.org\",\"@graph\":[{\"@type\":\"WebPage\",\"@id\":\"https:\\\/\\\/www.veglio.com\\\/emozioniluminose\\\/prodotto\\\/karman-deja-vu\\\/\",\"url\":\"https:\\\/\\\/www.veglio.com\\\/emozioniluminose\\\/prodotto\\\/karman-deja-vu\\\/\",\"name\":\"Karman D\u00e9j\u00e0-vu - Vegliolux, specialisti dell'illuminazione\",\"isPartOf\":{\"@id\":\"https:\\\/\\\/www.veglio.com\\\/emozioniluminose\\\/#website\"},\"primaryImageOfPage\":{\"@id\":\"https:\\\/\\\/www.veglio.com\\\/emozioniluminose\\\/prodotto\\\/karman-deja-vu\\\/#primaryimage\"},\"image\":{\"@id\":\"https:\\\/\\\/www.veglio.com\\\/emozioniluminose\\\/prodotto\\\/karman-deja-vu\\\/#primaryimage\"},\"thumbnailUrl\":\"https:\\\/\\\/www.veglio.com\\\/emozioniluminose\\\/wp-content\\\/uploads\\\/2021\\\/06\\\/Deja-vu.jpg\",\"datePublished\":\"2021-06-25T08:01:18+00:00\",\"dateModified\":\"2023-08-25T08:32:21+00:00\",\"description\":\"Da Vegliolux, un marchio del gruppo Idrocentro, la lampada da terra D\u00e9j\u00e0-vu di Karman. Da Vegliolux la migliore illuminazione\",\"breadcrumb\":{\"@id\":\"https:\\\/\\\/www.veglio.com\\\/emozioniluminose\\\/prodotto\\\/karman-deja-vu\\\/#breadcrumb\"},\"inLanguage\":\"it-IT\",\"potentialAction\":[{\"@type\":\"ReadAction\",\"target\":[\"https:\\\/\\\/www.veglio.com\\\/emozioniluminose\\\/prodotto\\\/karman-deja-vu\\\/\"]}]},{\"@type\":\"ImageObject\",\"inLanguage\":\"it-IT\",\"@id\":\"https:\\\/\\\/www.veglio.com\\\/emozioniluminose\\\/prodotto\\\/karman-deja-vu\\\/#primaryimage\",\"url\":\"https:\\\/\\\/www.veglio.com\\\/emozioniluminose\\\/wp-content\\\/uploads\\\/2021\\\/06\\\/Deja-vu.jpg\",\"contentUrl\":\"https:\\\/\\\/www.veglio.com\\\/emozioniluminose\\\/wp-content\\\/uploads\\\/2021\\\/06\\\/Deja-vu.jpg\",\"width\":800,\"height\":973,\"caption\":\"Karman D\u00e9j\u00e0 Vu: lampada da parete e sospensione Torino nei punti vendita di Vegliolux, un marchio del gruppo Idrocentro\"},{\"@type\":\"BreadcrumbList\",\"@id\":\"https:\\\/\\\/www.veglio.com\\\/emozioniluminose\\\/prodotto\\\/karman-deja-vu\\\/#breadcrumb\",\"itemListElement\":[{\"@type\":\"ListItem\",\"position\":1,\"name\":\"Home\",\"item\":\"https:\\\/\\\/www.veglio.com\\\/emozioniluminose\\\/\"},{\"@type\":\"ListItem\",\"position\":2,\"name\":\"Prodotti\",\"item\":\"https:\\\/\\\/www.veglio.com\\\/emozioniluminose\\\/prodotti\\\/\"},{\"@type\":\"ListItem\",\"position\":3,\"name\":\"Karman D\u00e9j\u00e0-vu\"}]},{\"@type\":\"WebSite\",\"@id\":\"https:\\\/\\\/www.veglio.com\\\/emozioniluminose\\\/#website\",\"url\":\"https:\\\/\\\/www.veglio.com\\\/emozioniluminose\\\/\",\"name\":\"Vegliolux - Illuminazione Torino\",\"description\":\"Emozioni luminose\",\"publisher\":{\"@id\":\"https:\\\/\\\/www.veglio.com\\\/emozioniluminose\\\/#organization\"},\"potentialAction\":[{\"@type\":\"SearchAction\",\"target\":{\"@type\":\"EntryPoint\",\"urlTemplate\":\"https:\\\/\\\/www.veglio.com\\\/emozioniluminose\\\/?s={search_term_string}\"},\"query-input\":{\"@type\":\"PropertyValueSpecification\",\"valueRequired\":true,\"valueName\":\"search_term_string\"}}],\"inLanguage\":\"it-IT\"},{\"@type\":\"Organization\",\"@id\":\"https:\\\/\\\/www.veglio.com\\\/emozioniluminose\\\/#organization\",\"name\":\"Vegliolux - Illuminazione Torino\",\"url\":\"https:\\\/\\\/www.veglio.com\\\/emozioniluminose\\\/\",\"logo\":{\"@type\":\"ImageObject\",\"inLanguage\":\"it-IT\",\"@id\":\"https:\\\/\\\/www.veglio.com\\\/emozioniluminose\\\/#\\\/schema\\\/logo\\\/image\\\/\",\"url\":\"https:\\\/\\\/www.veglio.com\\\/emozioniluminose\\\/wp-content\\\/uploads\\\/2022\\\/09\\\/Vegliolux-Sommeiller.jpg\",\"contentUrl\":\"https:\\\/\\\/www.veglio.com\\\/emozioniluminose\\\/wp-content\\\/uploads\\\/2022\\\/09\\\/Vegliolux-Sommeiller.jpg\",\"width\":1080,\"height\":720,\"caption\":\"Vegliolux - Illuminazione Torino\"},\"image\":{\"@id\":\"https:\\\/\\\/www.veglio.com\\\/emozioniluminose\\\/#\\\/schema\\\/logo\\\/image\\\/\"},\"sameAs\":[\"https:\\\/\\\/www.facebook.com\\\/Vegliolux\",\"https:\\\/\\\/www.instagram.com\\\/vegliolux\\\/\",\"https:\\\/\\\/www.linkedin.com\\\/company\\\/vegliolux\"]}]}<\/script>\n<!-- \/ Yoast SEO plugin. -->","yoast_head_json":{"title":"Karman D\u00e9j\u00e0-vu - Vegliolux, specialisti dell'illuminazione","description":"Da Vegliolux, un marchio del gruppo Idrocentro, la lampada da terra D\u00e9j\u00e0-vu di Karman. Da Vegliolux la migliore illuminazione","robots":{"index":"index","follow":"follow","max-snippet":"max-snippet:-1","max-image-preview":"max-image-preview:large","max-video-preview":"max-video-preview:-1"},"canonical":"https:\/\/www.veglio.com\/emozioniluminose\/prodotto\/karman-deja-vu\/","og_locale":"it_IT","og_type":"article","og_title":"Karman D\u00e9j\u00e0-vu - Vegliolux, specialisti dell'illuminazione","og_description":"Da Vegliolux, un marchio del gruppo Idrocentro, la lampada da terra D\u00e9j\u00e0-vu di Karman. Da Vegliolux la migliore illuminazione","og_url":"https:\/\/www.veglio.com\/emozioniluminose\/prodotto\/karman-deja-vu\/","og_site_name":"Vegliolux","article_publisher":"https:\/\/www.facebook.com\/Vegliolux","article_modified_time":"2023-08-25T08:32:21+00:00","og_image":[{"width":800,"height":973,"url":"https:\/\/www.veglio.com\/emozioniluminose\/wp-content\/uploads\/2021\/06\/Deja-vu.jpg","type":"image\/jpeg"}],"twitter_card":"summary_large_image","schema":{"@context":"https:\/\/schema.org","@graph":[{"@type":"WebPage","@id":"https:\/\/www.veglio.com\/emozioniluminose\/prodotto\/karman-deja-vu\/","url":"https:\/\/www.veglio.com\/emozioniluminose\/prodotto\/karman-deja-vu\/","name":"Karman D\u00e9j\u00e0-vu - Vegliolux, specialisti dell'illuminazione","isPartOf":{"@id":"https:\/\/www.veglio.com\/emozioniluminose\/#website"},"primaryImageOfPage":{"@id":"https:\/\/www.veglio.com\/emozioniluminose\/prodotto\/karman-deja-vu\/#primaryimage"},"image":{"@id":"https:\/\/www.veglio.com\/emozioniluminose\/prodotto\/karman-deja-vu\/#primaryimage"},"thumbnailUrl":"https:\/\/www.veglio.com\/emozioniluminose\/wp-content\/uploads\/2021\/06\/Deja-vu.jpg","datePublished":"2021-06-25T08:01:18+00:00","dateModified":"2023-08-25T08:32:21+00:00","description":"Da Vegliolux, un marchio del gruppo Idrocentro, la lampada da terra D\u00e9j\u00e0-vu di Karman. Da Vegliolux la migliore illuminazione","breadcrumb":{"@id":"https:\/\/www.veglio.com\/emozioniluminose\/prodotto\/karman-deja-vu\/#breadcrumb"},"inLanguage":"it-IT","potentialAction":[{"@type":"ReadAction","target":["https:\/\/www.veglio.com\/emozioniluminose\/prodotto\/karman-deja-vu\/"]}]},{"@type":"ImageObject","inLanguage":"it-IT","@id":"https:\/\/www.veglio.com\/emozioniluminose\/prodotto\/karman-deja-vu\/#primaryimage","url":"https:\/\/www.veglio.com\/emozioniluminose\/wp-content\/uploads\/2021\/06\/Deja-vu.jpg","contentUrl":"https:\/\/www.veglio.com\/emozioniluminose\/wp-content\/uploads\/2021\/06\/Deja-vu.jpg","width":800,"height":973,"caption":"Karman D\u00e9j\u00e0 Vu: lampada da parete e sospensione Torino nei punti vendita di Vegliolux, un marchio del gruppo Idrocentro"},{"@type":"BreadcrumbList","@id":"https:\/\/www.veglio.com\/emozioniluminose\/prodotto\/karman-deja-vu\/#breadcrumb","itemListElement":[{"@type":"ListItem","position":1,"name":"Home","item":"https:\/\/www.veglio.com\/emozioniluminose\/"},{"@type":"ListItem","position":2,"name":"Prodotti","item":"https:\/\/www.veglio.com\/emozioniluminose\/prodotti\/"},{"@type":"ListItem","position":3,"name":"Karman D\u00e9j\u00e0-vu"}]},{"@type":"WebSite","@id":"https:\/\/www.veglio.com\/emozioniluminose\/#website","url":"https:\/\/www.veglio.com\/emozioniluminose\/","name":"Vegliolux - Illuminazione Torino","description":"Emozioni luminose","publisher":{"@id":"https:\/\/www.veglio.com\/emozioniluminose\/#organization"},"potentialAction":[{"@type":"SearchAction","target":{"@type":"EntryPoint","urlTemplate":"https:\/\/www.veglio.com\/emozioniluminose\/?s={search_term_string}"},"query-input":{"@type":"PropertyValueSpecification","valueRequired":true,"valueName":"search_term_string"}}],"inLanguage":"it-IT"},{"@type":"Organization","@id":"https:\/\/www.veglio.com\/emozioniluminose\/#organization","name":"Vegliolux - Illuminazione Torino","url":"https:\/\/www.veglio.com\/emozioniluminose\/","logo":{"@type":"ImageObject","inLanguage":"it-IT","@id":"https:\/\/www.veglio.com\/emozioniluminose\/#\/schema\/logo\/image\/","url":"https:\/\/www.veglio.com\/emozioniluminose\/wp-content\/uploads\/2022\/09\/Vegliolux-Sommeiller.jpg","contentUrl":"https:\/\/www.veglio.com\/emozioniluminose\/wp-content\/uploads\/2022\/09\/Vegliolux-Sommeiller.jpg","width":1080,"height":720,"caption":"Vegliolux - Illuminazione Torino"},"image":{"@id":"https:\/\/www.veglio.com\/emozioniluminose\/#\/schema\/logo\/image\/"},"sameAs":["https:\/\/www.facebook.com\/Vegliolux","https:\/\/www.instagram.com\/vegliolux\/","https:\/\/www.linkedin.com\/company\/vegliolux"]}]}},"_links":{"self":[{"href":"https:\/\/www.veglio.com\/emozioniluminose\/wp-json\/wp\/v2\/product\/79743","targetHints":{"allow":["GET"]}}],"collection":[{"href":"https:\/\/www.veglio.com\/emozioniluminose\/wp-json\/wp\/v2\/product"}],"about":[{"href":"https:\/\/www.veglio.com\/emozioniluminose\/wp-json\/wp\/v2\/types\/product"}],"wp:featuredmedia":[{"embeddable":true,"href":"https:\/\/www.veglio.com\/emozioniluminose\/wp-json\/wp\/v2\/media\/79769"}],"wp:attachment":[{"href":"https:\/\/www.veglio.com\/emozioniluminose\/wp-json\/wp\/v2\/media?parent=79743"}],"wp:term":[{"taxonomy":"product_brand","embeddable":true,"href":"https:\/\/www.veglio.com\/emozioniluminose\/wp-json\/wp\/v2\/product_brand?post=79743"},{"taxonomy":"product_cat","embeddable":true,"href":"https:\/\/www.veglio.com\/emozioniluminose\/wp-json\/wp\/v2\/product_cat?post=79743"},{"taxonomy":"product_tag","embeddable":true,"href":"https:\/\/www.veglio.com\/emozioniluminose\/wp-json\/wp\/v2\/product_tag?post=79743"}],"curies":[{"name":"wp","href":"https:\/\/api.w.org\/{rel}","templated":true}]}}